{"id":5,"date":"2020-01-13T11:17:52","date_gmt":"2020-01-13T11:17:52","guid":{"rendered":"https:\/\/demosites.io\/web-agency-gb\/?page_id=5"},"modified":"2025-09-02T15:06:35","modified_gmt":"2025-09-02T15:06:35","slug":"15c42-web-agency-gb-home","status":"publish","type":"page","link":"https:\/\/sahinkurutemizleme.com\/","title":{"rendered":"Anasayfa"},"content":{"rendered":"\n<div class=\"wp-block-cover alignfull is-light\" style=\"min-height:1043px;aspect-ratio:unset;\"><img loading=\"lazy\" decoding=\"async\" width=\"768\" height=\"1024\" class=\"wp-block-cover__image-background wp-image-996 size-large\" alt=\"\" src=\"https:\/\/sahinkurutemizleme.com\/wp-content\/uploads\/2025\/03\/IMG_1278-768x1024.jpg\" style=\"object-position:40% 66%\" data-object-fit=\"cover\" data-object-position=\"40% 66%\" srcset=\"https:\/\/sahinkurutemizleme.com\/wp-content\/uploads\/2025\/03\/IMG_1278-768x1024.jpg 768w, https:\/\/sahinkurutemizleme.com\/wp-content\/uploads\/2025\/03\/IMG_1278-225x300.jpg 225w, https:\/\/sahinkurutemizleme.com\/wp-content\/uploads\/2025\/03\/IMG_1278-1152x1536.jpg 1152w, https:\/\/sahinkurutemizleme.com\/wp-content\/uploads\/2025\/03\/IMG_1278-1536x2048.jpg 1536w, https:\/\/sahinkurutemizleme.com\/wp-content\/uploads\/2025\/03\/IMG_1278-scaled.jpg 1920w\" sizes=\"auto, (max-width: 768px) 100vw, 768px\" \/><span aria-hidden=\"true\" class=\"wp-block-cover__background has-background-dim-0 has-background-dim\" style=\"background-color:#938374\"><\/span><div class=\"wp-block-cover__inner-container is-layout-flow wp-block-cover-is-layout-flow\">\n<h4 class=\"wp-block-heading has-text-align-center has-neve-link-color-color has-text-color\">K\u0131yafetleriniz bize emanet, <br>temizlik bizim i\u015fimiz.<\/h4>\n\n\n\n<p class=\"has-text-align-center has-nv-site-bg-color has-text-color\">Kalite, g\u00fclery\u00fcz ve uygun fiyat ilkelerimizle, <br>giysilerinize hak etti\u011fi \u00f6zeni g\u00f6steriyoruz. <br>M\u00fc\u015fteri memnuniyetini en \u00fcst seviyede tutarak, <br>temizlikte m\u00fckemmelli\u011fi hedefliyoruz.<\/p>\n\n\n\n<div class=\"wp-block-buttons is-horizontal is-content-justification-center is-layout-flex wp-container-core-buttons-is-layout-499968f5 wp-block-buttons-is-layout-flex\">\n<div class=\"wp-block-button is-style-primary\"><a class=\"wp-block-button__link wp-element-button\" href=\"tel:\/\/+90 541 337 08 83\">Hemen Aray\u0131n<\/a><\/div>\n\n\n\n<div class=\"wp-block-button is-style-secondary\"><a class=\"wp-block-button__link has-nv-c-1-background-color has-background wp-element-button\" href=\"https:\/\/api.whatsapp.com\/send\/?phone=05413370883\">Whatsapp<\/a><\/div>\n<\/div>\n\n\n\n<div style=\"height:80px\" aria-hidden=\"true\" class=\"wp-block-spacer\"><\/div>\n\n\n\n<div style=\"height:80px\" aria-hidden=\"true\" class=\"wp-block-spacer\"><\/div>\n\n\n\n<div style=\"height:80px\" aria-hidden=\"true\" class=\"wp-block-spacer\"><\/div>\n<\/div><\/div>\n\n\n\n<div style=\"height:80px\" aria-hidden=\"true\" class=\"wp-block-spacer\"><\/div>\n\n\n\n<div class=\"wp-block-columns is-layout-flex wp-container-core-columns-is-layout-9d6595d7 wp-block-columns-is-layout-flex\">\n<div class=\"wp-block-column is-layout-flow wp-block-column-is-layout-flow\"><div class=\"wp-block-image icon-style is-style-rounded\">\n<figure class=\"aligncenter size-full is-resized\"><img loading=\"lazy\" decoding=\"async\" width=\"900\" height=\"1599\" src=\"https:\/\/sahinkurutemizleme.com\/wp-content\/uploads\/2025\/09\/sahin_kuru_temizleme_1.jpeg\" alt=\"\" class=\"wp-image-1053\" style=\"width:286px;height:auto\" srcset=\"https:\/\/sahinkurutemizleme.com\/wp-content\/uploads\/2025\/09\/sahin_kuru_temizleme_1.jpeg 900w, https:\/\/sahinkurutemizleme.com\/wp-content\/uploads\/2025\/09\/sahin_kuru_temizleme_1-169x300.jpeg 169w, https:\/\/sahinkurutemizleme.com\/wp-content\/uploads\/2025\/09\/sahin_kuru_temizleme_1-576x1024.jpeg 576w, https:\/\/sahinkurutemizleme.com\/wp-content\/uploads\/2025\/09\/sahin_kuru_temizleme_1-768x1364.jpeg 768w, https:\/\/sahinkurutemizleme.com\/wp-content\/uploads\/2025\/09\/sahin_kuru_temizleme_1-865x1536.jpeg 865w\" sizes=\"auto, (max-width: 900px) 100vw, 900px\" \/><\/figure>\n<\/div>\n\n\n<div style=\"height:20px\" aria-hidden=\"true\" class=\"wp-block-spacer\"><\/div>\n\n\n\n<h3 class=\"wp-block-heading has-text-align-center has-neve-text-color-color has-text-color\"><strong>KURU TEM\u0130ZLEME<\/strong><\/h3>\n\n\n\n<p class=\"has-text-align-center\">Giysilerinizin \u00f6mr\u00fcn\u00fc uzatmak ve her zaman yeni gibi g\u00f6r\u00fcnmelerini sa\u011flamak i\u00e7in en son teknoloji ekipmanlar\u0131m\u0131z ve uzman ekibimizle hizmetinizdeyiz. Her bir giysi, kuma\u015f t\u00fcr\u00fcne ve \u00f6zel ihtiya\u00e7lar\u0131na g\u00f6re \u00f6zenle se\u00e7ilen temizlik y\u00f6ntemleriyle i\u015flem g\u00f6r\u00fcr. B\u00f6ylece, giysilerinizin ilk g\u00fcnk\u00fc canl\u0131l\u0131\u011f\u0131n\u0131 korumas\u0131n\u0131 ve uzun s\u00fcre dayanmas\u0131n\u0131 garanti ediyoruz.<\/p>\n\n\n\n<div style=\"height:20px\" aria-hidden=\"true\" class=\"wp-block-spacer\"><\/div>\n<\/div>\n\n\n\n<div class=\"wp-block-column is-layout-flow wp-block-column-is-layout-flow\"><div class=\"wp-block-image icon-style is-style-rounded\">\n<figure class=\"aligncenter size-full is-resized\"><img loading=\"lazy\" decoding=\"async\" width=\"900\" height=\"1599\" src=\"https:\/\/sahinkurutemizleme.com\/wp-content\/uploads\/2025\/09\/sahin_kuru_temizleme_2.jpeg\" alt=\"\" class=\"wp-image-1055\" style=\"object-fit:cover;width:290px;height:auto\" srcset=\"https:\/\/sahinkurutemizleme.com\/wp-content\/uploads\/2025\/09\/sahin_kuru_temizleme_2.jpeg 900w, https:\/\/sahinkurutemizleme.com\/wp-content\/uploads\/2025\/09\/sahin_kuru_temizleme_2-169x300.jpeg 169w, https:\/\/sahinkurutemizleme.com\/wp-content\/uploads\/2025\/09\/sahin_kuru_temizleme_2-576x1024.jpeg 576w, https:\/\/sahinkurutemizleme.com\/wp-content\/uploads\/2025\/09\/sahin_kuru_temizleme_2-768x1364.jpeg 768w, https:\/\/sahinkurutemizleme.com\/wp-content\/uploads\/2025\/09\/sahin_kuru_temizleme_2-865x1536.jpeg 865w\" sizes=\"auto, (max-width: 900px) 100vw, 900px\" \/><\/figure>\n<\/div>\n\n\n<div style=\"height:20px\" aria-hidden=\"true\" class=\"wp-block-spacer\"><\/div>\n\n\n\n<h3 class=\"wp-block-heading has-text-align-center has-neve-text-color-color has-text-color\"><strong>EV E\u015eYALARI<\/strong><\/h3>\n\n\n\n<p class=\"has-text-align-center\">Evinizin havas\u0131n\u0131 de\u011fi\u015ftirin! Giysilerinizden perdelerinize, koltuklar\u0131n\u0131zdan hal\u0131lar\u0131n\u0131zda, t\u00fcm ev tekstili \u00fcr\u00fcnlerinizin temizli\u011fi i\u00e7in profesyonel \u00e7\u00f6z\u00fcmler sunuyoruz. Uzman ekibimiz ve son teknoloji ekipmanlar\u0131m\u0131zla, evinizdeki e\u015fyalar\u0131n\u0131z\u0131n ilk g\u00fcnk\u00fc gibi g\u00f6r\u00fcnmesini sa\u011fl\u0131yoruz.<\/p>\n\n\n\n<div style=\"height:20px\" aria-hidden=\"true\" class=\"wp-block-spacer\"><\/div>\n<\/div>\n\n\n\n<div class=\"wp-block-column is-layout-flow wp-block-column-is-layout-flow\"><div class=\"wp-block-image icon-style is-style-rounded\">\n<figure class=\"aligncenter size-full\"><img loading=\"lazy\" decoding=\"async\" width=\"1186\" height=\"1599\" src=\"https:\/\/sahinkurutemizleme.com\/wp-content\/uploads\/2025\/09\/sahin_kuru_temizleme_3.jpeg\" alt=\"\" class=\"wp-image-1057\" srcset=\"https:\/\/sahinkurutemizleme.com\/wp-content\/uploads\/2025\/09\/sahin_kuru_temizleme_3.jpeg 1186w, https:\/\/sahinkurutemizleme.com\/wp-content\/uploads\/2025\/09\/sahin_kuru_temizleme_3-223x300.jpeg 223w, https:\/\/sahinkurutemizleme.com\/wp-content\/uploads\/2025\/09\/sahin_kuru_temizleme_3-760x1024.jpeg 760w, https:\/\/sahinkurutemizleme.com\/wp-content\/uploads\/2025\/09\/sahin_kuru_temizleme_3-768x1035.jpeg 768w, https:\/\/sahinkurutemizleme.com\/wp-content\/uploads\/2025\/09\/sahin_kuru_temizleme_3-1139x1536.jpeg 1139w\" sizes=\"auto, (max-width: 1186px) 100vw, 1186px\" \/><\/figure>\n<\/div>\n\n\n<div style=\"height:20px\" aria-hidden=\"true\" class=\"wp-block-spacer\"><\/div>\n\n\n\n<h3 class=\"wp-block-heading has-text-align-center has-neve-text-color-color has-text-color\"><strong>HALI YIKAMA<\/strong><\/h3>\n\n\n\n<p class=\"has-text-align-center\">Hal\u0131lar\u0131n\u0131z\u0131n \u00f6mr\u00fcn\u00fc uzat\u0131n, evinizin havas\u0131n\u0131 de\u011fi\u015ftirin! Profesyonel hal\u0131 y\u0131kama hizmetimizle, hal\u0131lar\u0131n\u0131z derinlemesine temizlenir ve ilk g\u00fcnk\u00fc canl\u0131l\u0131\u011f\u0131na kavu\u015fur. Son teknoloji ekipmanlar\u0131m\u0131z ve \u00f6zel temizlik y\u00f6ntemlerimizle, hal\u0131lar\u0131n\u0131zdaki t\u00fcm kir, leke ve mikroplar\u0131 yok ederken, hal\u0131lar\u0131n\u0131z\u0131n dokusuna zarar vermeden temizli\u011fini sa\u011flar\u0131z.<\/p>\n\n\n\n<div style=\"height:20px\" aria-hidden=\"true\" class=\"wp-block-spacer\"><\/div>\n<\/div>\n<\/div>\n\n\n\n<div style=\"height:80px\" aria-hidden=\"true\" class=\"wp-block-spacer\"><\/div>\n\n\n\n<div class=\"wp-block-cover alignfull\" style=\"min-height:600px;aspect-ratio:unset;\"><span aria-hidden=\"true\" class=\"wp-block-cover__background has-nv-light-bg-background-color has-background-dim-100 has-background-dim\"><\/span><div class=\"wp-block-cover__inner-container is-layout-flow wp-block-cover-is-layout-flow\">\n<div class=\"wp-block-group\"><div class=\"wp-block-group__inner-container is-layout-flow wp-block-group-is-layout-flow\">\n<div style=\"height:80px\" aria-hidden=\"true\" class=\"wp-block-spacer\"><\/div>\n\n\n\n<div class=\"wp-block-columns are-vertically-aligned-center is-layout-flex wp-container-core-columns-is-layout-9d6595d7 wp-block-columns-is-layout-flex\">\n<div class=\"wp-block-column is-vertically-aligned-center is-layout-flow wp-block-column-is-layout-flow\" style=\"flex-basis:50%\">\n<figure class=\"wp-block-image size-large\"><img loading=\"lazy\" decoding=\"async\" width=\"1024\" height=\"683\" src=\"https:\/\/sahinkurutemizleme.com\/wp-content\/uploads\/2024\/07\/utu_sahin_kurutemizleme-1024x683.jpg\" alt=\"\" class=\"wp-image-934\" srcset=\"https:\/\/sahinkurutemizleme.com\/wp-content\/uploads\/2024\/07\/utu_sahin_kurutemizleme-1024x683.jpg 1024w, https:\/\/sahinkurutemizleme.com\/wp-content\/uploads\/2024\/07\/utu_sahin_kurutemizleme-300x200.jpg 300w, https:\/\/sahinkurutemizleme.com\/wp-content\/uploads\/2024\/07\/utu_sahin_kurutemizleme-768x513.jpg 768w, https:\/\/sahinkurutemizleme.com\/wp-content\/uploads\/2024\/07\/utu_sahin_kurutemizleme-1536x1025.jpg 1536w, https:\/\/sahinkurutemizleme.com\/wp-content\/uploads\/2024\/07\/utu_sahin_kurutemizleme-2048x1367.jpg 2048w, https:\/\/sahinkurutemizleme.com\/wp-content\/uploads\/2024\/07\/utu_sahin_kurutemizleme-1618x1080.jpg 1618w, https:\/\/sahinkurutemizleme.com\/wp-content\/uploads\/2024\/07\/utu_sahin_kurutemizleme-770x514.jpg 770w, https:\/\/sahinkurutemizleme.com\/wp-content\/uploads\/2024\/07\/utu_sahin_kurutemizleme-370x247.jpg 370w\" sizes=\"auto, (max-width: 1024px) 100vw, 1024px\" \/><\/figure>\n<\/div>\n\n\n\n<div class=\"wp-block-column is-vertically-aligned-center is-layout-flow wp-block-column-is-layout-flow\" style=\"flex-basis:50%\">\n<div style=\"height:20px\" aria-hidden=\"true\" class=\"wp-block-spacer\"><\/div>\n\n\n\n<h2 class=\"wp-block-heading has-text-align-left has-neve-text-color-color has-text-color\"><strong>\u00dcT\u00dc H\u0130ZMET\u0130<\/strong><\/h2>\n\n\n\n<p class=\"has-text-align-left has-neve-text-color-color has-text-color\" style=\"font-size:17px\"><strong>\u00dct\u00fc derdine son!<\/strong>&nbsp;Zaman\u0131n\u0131z size kals\u0131n, \u00fct\u00fc i\u015flerinizi bize b\u0131rak\u0131n. Profesyonel ekibimiz, t\u00fcm giysilerinizi \u00f6zenle \u00fct\u00fcleyerek size teslim eder. Her zaman bak\u0131ml\u0131 ve \u015f\u0131k g\u00f6r\u00fcnmenin keyfini \u00e7\u0131kar\u0131n, \u00fct\u00fc stresinden kurtulun.<\/p>\n<\/div>\n<\/div>\n\n\n\n<div style=\"height:40px\" aria-hidden=\"true\" class=\"wp-block-spacer\"><\/div>\n<\/div><\/div>\n<\/div><\/div>\n\n\n\n<div class=\"wp-block-cover alignfull\" style=\"min-height:600px;aspect-ratio:unset;\"><span aria-hidden=\"true\" class=\"wp-block-cover__background has-nv-site-bg-background-color has-background-dim-100 has-background-dim\"><\/span><div class=\"wp-block-cover__inner-container is-layout-flow wp-block-cover-is-layout-flow\">\n<div class=\"wp-block-group\"><div class=\"wp-block-group__inner-container is-layout-flow wp-block-group-is-layout-flow\">\n<div style=\"height:26px\" aria-hidden=\"true\" class=\"wp-block-spacer\"><\/div>\n\n\n\n<div class=\"wp-block-columns are-vertically-aligned-center is-layout-flex wp-container-core-columns-is-layout-9d6595d7 wp-block-columns-is-layout-flex\">\n<div class=\"wp-block-column is-vertically-aligned-center is-layout-flow wp-block-column-is-layout-flow\" style=\"flex-basis:50%\">\n<h2 class=\"wp-block-heading has-text-align-left has-neve-text-color-color has-text-color\"><strong>D\u00dc\u011e\u00dcN HAZIRLIK<\/strong><\/h2>\n\n\n\n<p class=\"has-text-align-left has-neve-text-color-color has-text-color\" style=\"font-size:17px\">Hayat\u0131n\u0131z\u0131n en \u00f6zel g\u00fcn\u00fcnde g\u00f6z kama\u015ft\u0131r\u0131n! Ni\u015fan, d\u00fc\u011f\u00fcn ve t\u00fcm \u00f6zel g\u00fcnleriniz i\u00e7in gelinlik, damatl\u0131k ve abiye k\u0131yafetlerinizi g\u00fcvenle bize teslim edebilirsiniz. Profesyonel ekibimiz ve \u00f6zel temizleme y\u00f6ntemlerimizle, k\u0131yafetlerinizin en \u00f6zel g\u00fcn\u00fcn\u00fczde kusursuz g\u00f6r\u00fcnmesini sa\u011fl\u0131yoruz. Unutulmaz an\u0131lar\u0131n\u0131zda g\u00f6z kama\u015ft\u0131rmak i\u00e7in bize gelin!<\/p>\n\n\n\n<div style=\"height:40px\" aria-hidden=\"true\" class=\"wp-block-spacer\"><\/div>\n<\/div>\n\n\n\n<div class=\"wp-block-column is-vertically-aligned-center is-layout-flow wp-block-column-is-layout-flow\" style=\"flex-basis:50%\">\n<figure class=\"wp-block-image size-large\"><img loading=\"lazy\" decoding=\"async\" width=\"1024\" height=\"683\" src=\"https:\/\/sahinkurutemizleme.com\/wp-content\/uploads\/2024\/07\/dugun_kuru_temizleme_sahin-1024x683.jpeg\" alt=\"\" class=\"wp-image-936\" srcset=\"https:\/\/sahinkurutemizleme.com\/wp-content\/uploads\/2024\/07\/dugun_kuru_temizleme_sahin-1024x683.jpeg 1024w, https:\/\/sahinkurutemizleme.com\/wp-content\/uploads\/2024\/07\/dugun_kuru_temizleme_sahin-300x200.jpeg 300w, https:\/\/sahinkurutemizleme.com\/wp-content\/uploads\/2024\/07\/dugun_kuru_temizleme_sahin-768x512.jpeg 768w, https:\/\/sahinkurutemizleme.com\/wp-content\/uploads\/2024\/07\/dugun_kuru_temizleme_sahin-1536x1024.jpeg 1536w, https:\/\/sahinkurutemizleme.com\/wp-content\/uploads\/2024\/07\/dugun_kuru_temizleme_sahin-2048x1365.jpeg 2048w, https:\/\/sahinkurutemizleme.com\/wp-content\/uploads\/2024\/07\/dugun_kuru_temizleme_sahin-1620x1080.jpeg 1620w, https:\/\/sahinkurutemizleme.com\/wp-content\/uploads\/2024\/07\/dugun_kuru_temizleme_sahin-770x513.jpeg 770w, https:\/\/sahinkurutemizleme.com\/wp-content\/uploads\/2024\/07\/dugun_kuru_temizleme_sahin-370x247.jpeg 370w\" sizes=\"auto, (max-width: 1024px) 100vw, 1024px\" \/><\/figure>\n<\/div>\n<\/div>\n<\/div><\/div>\n<\/div><\/div>\n\n\n\n<div class=\"wp-block-cover alignfull\" style=\"min-height:600px;aspect-ratio:unset;\"><span aria-hidden=\"true\" class=\"wp-block-cover__background has-nv-light-bg-background-color has-background-dim-100 has-background-dim\"><\/span><div class=\"wp-block-cover__inner-container is-layout-flow wp-block-cover-is-layout-flow\">\n<div class=\"wp-block-group\"><div class=\"wp-block-group__inner-container is-layout-flow wp-block-group-is-layout-flow\">\n<div style=\"height:26px\" aria-hidden=\"true\" class=\"wp-block-spacer\"><\/div>\n\n\n\n<div class=\"wp-block-columns are-vertically-aligned-center is-layout-flex wp-container-core-columns-is-layout-9d6595d7 wp-block-columns-is-layout-flex\">\n<div class=\"wp-block-column is-vertically-aligned-center is-layout-flow wp-block-column-is-layout-flow\" style=\"flex-basis:50%\">\n<figure class=\"wp-block-image size-large\"><img loading=\"lazy\" decoding=\"async\" width=\"1024\" height=\"683\" src=\"https:\/\/sahinkurutemizleme.com\/wp-content\/uploads\/2024\/07\/kumas_boyama_sahin_kurutemizleme-1024x683.jpg\" alt=\"\" class=\"wp-image-937\" srcset=\"https:\/\/sahinkurutemizleme.com\/wp-content\/uploads\/2024\/07\/kumas_boyama_sahin_kurutemizleme-1024x683.jpg 1024w, https:\/\/sahinkurutemizleme.com\/wp-content\/uploads\/2024\/07\/kumas_boyama_sahin_kurutemizleme-300x200.jpg 300w, https:\/\/sahinkurutemizleme.com\/wp-content\/uploads\/2024\/07\/kumas_boyama_sahin_kurutemizleme-768x512.jpg 768w, https:\/\/sahinkurutemizleme.com\/wp-content\/uploads\/2024\/07\/kumas_boyama_sahin_kurutemizleme-1536x1024.jpg 1536w, https:\/\/sahinkurutemizleme.com\/wp-content\/uploads\/2024\/07\/kumas_boyama_sahin_kurutemizleme-2048x1365.jpg 2048w, https:\/\/sahinkurutemizleme.com\/wp-content\/uploads\/2024\/07\/kumas_boyama_sahin_kurutemizleme-1620x1080.jpg 1620w, https:\/\/sahinkurutemizleme.com\/wp-content\/uploads\/2024\/07\/kumas_boyama_sahin_kurutemizleme-770x513.jpg 770w, https:\/\/sahinkurutemizleme.com\/wp-content\/uploads\/2024\/07\/kumas_boyama_sahin_kurutemizleme-370x247.jpg 370w\" sizes=\"auto, (max-width: 1024px) 100vw, 1024px\" \/><\/figure>\n<\/div>\n\n\n\n<div class=\"wp-block-column is-vertically-aligned-center is-layout-flow wp-block-column-is-layout-flow\" style=\"flex-basis:50%\">\n<div style=\"height:20px\" aria-hidden=\"true\" class=\"wp-block-spacer\"><\/div>\n\n\n\n<h2 class=\"wp-block-heading has-text-align-left has-neve-text-color-color has-text-color\"><strong><strong>KUMA\u015e BOYAMA<\/strong><\/strong><\/h2>\n\n\n\n<p class=\"has-text-align-left has-neve-text-color-color has-text-color\" style=\"font-size:17px\">Eskiyen k\u0131yafetlerinize veda edin, yeni renklere merhaba deyin! Kuma\u015f boyama hizmetimizle, k\u0131yafetlerinizi ve ev tekstili \u00fcr\u00fcnlerinizi hayalinizdeki renklere d\u00f6n\u00fc\u015ft\u00fcr\u00fcyoruz. Geni\u015f renk se\u00e7eneklerimiz ve modern boyama tekniklerimizle,e\u015fyalar\u0131n\u0131za yepyeni bir soluk getiriyoruz. S\u0131k\u0131ld\u0131\u011f\u0131n\u0131z k\u0131yafetlerinizi atmak yerine, onlar\u0131 yeniden ke\u015ffedin!<\/p>\n<\/div>\n<\/div>\n<\/div><\/div>\n<\/div><\/div>\n\n\n\n<div class=\"wp-block-cover alignfull\" style=\"min-height:600px;aspect-ratio:unset;\"><span aria-hidden=\"true\" class=\"wp-block-cover__background has-nv-dark-bg-background-color has-background-dim-100 has-background-dim\"><\/span><div class=\"wp-block-cover__inner-container is-layout-flow wp-block-cover-is-layout-flow\">\n<div class=\"wp-block-group\"><div class=\"wp-block-group__inner-container is-layout-flow wp-block-group-is-layout-flow\">\n<div style=\"height:26px\" aria-hidden=\"true\" class=\"wp-block-spacer\"><\/div>\n\n\n\n<div class=\"wp-block-columns are-vertically-aligned-center is-layout-flex wp-container-core-columns-is-layout-9d6595d7 wp-block-columns-is-layout-flex\">\n<div class=\"wp-block-column is-vertically-aligned-center is-layout-flow wp-block-column-is-layout-flow\" style=\"flex-basis:50%\">\n<figure class=\"wp-block-image size-large is-resized\"><img loading=\"lazy\" decoding=\"async\" width=\"768\" height=\"1024\" src=\"https:\/\/sahinkurutemizleme.com\/wp-content\/uploads\/2025\/09\/sahin_kuru_temizleme_4-768x1024.jpeg\" alt=\"\" class=\"wp-image-1061\" style=\"width:512px;height:auto\" srcset=\"https:\/\/sahinkurutemizleme.com\/wp-content\/uploads\/2025\/09\/sahin_kuru_temizleme_4-768x1023.jpeg 768w, https:\/\/sahinkurutemizleme.com\/wp-content\/uploads\/2025\/09\/sahin_kuru_temizleme_4-225x300.jpeg 225w, https:\/\/sahinkurutemizleme.com\/wp-content\/uploads\/2025\/09\/sahin_kuru_temizleme_4-1153x1536.jpeg 1153w, https:\/\/sahinkurutemizleme.com\/wp-content\/uploads\/2025\/09\/sahin_kuru_temizleme_4.jpeg 1200w\" sizes=\"auto, (max-width: 768px) 100vw, 768px\" \/><\/figure>\n<\/div>\n\n\n\n<div class=\"wp-block-column is-vertically-aligned-center is-layout-flow wp-block-column-is-layout-flow\" style=\"flex-basis:50%\">\n<h2 class=\"wp-block-heading has-text-align-left has-nv-text-dark-bg-color has-text-color\"><strong>Hakk\u0131m\u0131zda<\/strong><\/h2>\n\n\n\n<p class=\"has-text-align-left has-nv-text-dark-bg-color has-text-color\" style=\"font-size:17px\">\u015eahin Kuru Temizleme olarak, 2016 y\u0131l\u0131ndan bu yana, giysilerinize ilk g\u00fcnk\u00fc tazeli\u011fini kazand\u0131rmak i\u00e7in \u00e7al\u0131\u015f\u0131yoruz. Temizlikte m\u00fckemmelli\u011fi, m\u00fc\u015fteri memnuniyetini ve g\u00fcvenilirli\u011fi ilke edinen bir aile i\u015fletmesiyiz.<\/p>\n\n\n\n<p><\/p>\n\n\n\n<figure class=\"wp-block-pullquote\"><blockquote><p><strong><a href=\"tel:+90541 337 08 83\">0541 337 08 83<br><\/a><\/strong><\/p><\/blockquote><\/figure>\n<\/div>\n<\/div>\n\n\n\n<div style=\"height:50px\" aria-hidden=\"true\" class=\"wp-block-spacer\"><\/div>\n<\/div><\/div>\n<\/div><\/div>\n\n\n\n<p class=\"has-nv-site-bg-color has-text-color has-link-color wp-elements-4b789093af48f5ce650429edcb0b27ae\">kuru, temizleme, terzi, hal\u0131 y\u0131kama, g\u00f6mlek, pantolon, tshirt, etek, perde, \u00fct\u00fc, mont, kaban, kaz t\u00fcy\u00fc, palto, maltepe, kuru temizleme maltepe<\/p>\n\n\n\n<p><\/p>\n","protected":false},"excerpt":{"rendered":"<p>KURU TEM\u0130ZLEME Giysilerinizin \u00f6mr\u00fcn\u00fc uzatmak ve her zaman yeni gibi g\u00f6r\u00fcnmelerini sa\u011flamak i\u00e7in en son teknoloji ekipmanlar\u0131m\u0131z ve uzman ekibimizle hizmetinizdeyiz. Her bir giysi, kuma\u015f t\u00fcr\u00fcne ve \u00f6zel ihtiya\u00e7lar\u0131na g\u00f6re \u00f6zenle se\u00e7ilen temizlik y\u00f6ntemleriyle i\u015flem g\u00f6r\u00fcr. B\u00f6ylece, giysilerinizin ilk g\u00fcnk\u00fc canl\u0131l\u0131\u011f\u0131n\u0131 korumas\u0131n\u0131 ve uzun s\u00fcre dayanmas\u0131n\u0131 garanti ediyoruz. EV E\u015eYALARI Evinizin havas\u0131n\u0131 de\u011fi\u015ftirin! Giysilerinizden perdelerinize,&hellip;&nbsp;<a href=\"https:\/\/sahinkurutemizleme.com\/\" rel=\"bookmark\">Daha fazlas\u0131n\u0131 oku &raquo;<span class=\"screen-reader-text\">Anasayfa<\/span><\/a><\/p>\n","protected":false},"author":1,"featured_media":0,"parent":0,"menu_order":0,"comment_status":"closed","ping_status":"closed","template":"","meta":{"neve_meta_sidebar":"default","neve_meta_container":"default","neve_meta_enable_content_width":"on","neve_meta_content_width":100,"neve_meta_title_alignment":"","neve_meta_author_avatar":"","neve_post_elements_order":"","neve_meta_disable_header":"","neve_meta_disable_footer":"","neve_meta_disable_title":"on","_themeisle_gutenberg_block_has_review":false,"footnotes":""},"class_list":["post-5","page","type-page","status-publish","hentry"],"_links":{"self":[{"href":"https:\/\/sahinkurutemizleme.com\/index.php?rest_route=\/wp\/v2\/pages\/5","targetHints":{"allow":["GET"]}}],"collection":[{"href":"https:\/\/sahinkurutemizleme.com\/index.php?rest_route=\/wp\/v2\/pages"}],"about":[{"href":"https:\/\/sahinkurutemizleme.com\/index.php?rest_route=\/wp\/v2\/types\/page"}],"author":[{"embeddable":true,"href":"https:\/\/sahinkurutemizleme.com\/index.php?rest_route=\/wp\/v2\/users\/1"}],"replies":[{"embeddable":true,"href":"https:\/\/sahinkurutemizleme.com\/index.php?rest_route=%2Fwp%2Fv2%2Fcomments&post=5"}],"version-history":[{"count":31,"href":"https:\/\/sahinkurutemizleme.com\/index.php?rest_route=\/wp\/v2\/pages\/5\/revisions"}],"predecessor-version":[{"id":1081,"href":"https:\/\/sahinkurutemizleme.com\/index.php?rest_route=\/wp\/v2\/pages\/5\/revisions\/1081"}],"wp:attachment":[{"href":"https:\/\/sahinkurutemizleme.com\/index.php?rest_route=%2Fwp%2Fv2%2Fmedia&parent=5"}],"curies":[{"name":"wp","href":"https:\/\/api.w.org\/{rel}","templated":true}]}}